{"id":2842,"date":"2021-04-06T16:47:00","date_gmt":"2021-04-06T16:47:00","guid":{"rendered":"https:\/\/psicomallorca0877.live-website.com\/aviso-legal\/"},"modified":"2025-10-10T10:42:40","modified_gmt":"2025-10-10T10:42:40","slug":"aviso-legal","status":"publish","type":"page","link":"https:\/\/www.psicologiasexologiamallorca.com\/en\/aviso-legal\/","title":{"rendered":"Aviso Legal"},"content":{"rendered":"\n<p><\/p>\n\n\n\n<ol class=\"wp-block-list\">\n<li><strong>Identificaci\u00f3n y contacto del propietario de la web.<\/strong><\/li>\n<\/ol>\n\n\n\n<p><a href=\"http:\/\/www.psicologiasexologiamallorca.com\">www.psicologiasexologiamallorca.com<\/a> (en adelante la web), es propiedad de PAOLA OBRADOR PELLICER (en adelante el Titular) con domicilio en C\/ Costa de les Germanetes, 6, 2\u00baB 07010 Palma de Mallorca, Illes Balears, con CIF 43166185S, tel\u00e9fono (+34) 640 728 808 \u00a0y correo electr\u00f3nico : <a href=\"mailto:info@psicologiasexologiamallorca.com\">info@psicologiasexologiamallorca.com<\/a><\/p>\n\n\n\n<ol start=\"2\" class=\"wp-block-list\">\n<li><strong>\u00c1mbito de aplicaci\u00f3n.<\/strong><\/li>\n<\/ol>\n\n\n\n<p>La navegaci\u00f3n por el sitio web del Titular implica asumir la condici\u00f3n de usuario y la aceptaci\u00f3n absoluta de lo manifestado en este Aviso Legal.<\/p>\n\n\n\n<ol start=\"3\" class=\"wp-block-list\">\n<li><strong>Edad.<\/strong><\/li>\n<\/ol>\n\n\n\n<p>En nuestra web no tratamos datos de menores de catorce a\u00f1os.<\/p>\n\n\n\n<ol start=\"4\" class=\"wp-block-list\">\n<li><strong>Propiedad intelectual o industrial.<\/strong><\/li>\n<\/ol>\n\n\n\n<p>Los contenidos de la Web, por ejemplo textos, im\u00e1genes, gr\u00e1ficos o c\u00f3digo fuente, est\u00e1n protegidos por derechos de propiedad intelectual e industrial.<\/p>\n\n\n\n<p>Tales contenidos no podr\u00e1n ser, por ejemplo, reproducidos o transformados sin el permiso previo y expl\u00edcito del Titular. Los usuarios pueden acceder a los contenidos y realizar copias privadas autorizadas siempre que los elementos reproducidos no sean cedidos posteriormente a terceros, ni se instalen en servidores en red, ni sean objeto de ning\u00fan tipo de explotaci\u00f3n.<\/p>\n\n\n\n<ol start=\"5\" class=\"wp-block-list\">\n<li><strong>Normas comunes de uso de la web.<\/strong><\/li>\n<\/ol>\n\n\n\n<p>El usuario se compromete a hacer un uso de la Web de acuerdo a las siguientes normas:<\/p>\n\n\n\n<ul class=\"wp-block-list\">\n<li>No publicar\u00e1 comunicaciones comerciales a trav\u00e9s del sitio web.<\/li>\n\n\n\n<li>No recopilar\u00e1 contenido o informaci\u00f3n de otros usuarios.<\/li>\n\n\n\n<li>No cargar\u00e1 virus ni c\u00f3digo malintencionado de ning\u00fan tipo.<\/li>\n\n\n\n<li>No solicitar\u00e1 informaci\u00f3n de inicio de sesi\u00f3n ni acceder\u00e1 a una cuenta perteneciente a otro usuario.<\/li>\n\n\n\n<li>No realizar\u00e1 actos il\u00edcitos, enga\u00f1osos, malintencionados o discriminatorios en el sitio web, de acuerdo a estas condiciones y al ordenamiento jur\u00eddico espa\u00f1ol.<\/li>\n\n\n\n<li>En general, no realizar\u00e1 actos que supongan da\u00f1os o lesiones de los derechos de terceros.<\/li>\n<\/ul>\n\n\n\n<p>El Titular podr\u00e1 eliminar cualquier contenido o suspender el servicio si, seg\u00fan su propio criterio, incumple cualquiera de las normas y obligaciones descritas en este Aviso Legal.<\/p>\n\n\n\n<p>Para cualquier consulta o aclaraci\u00f3n sobre estas normas puede contactarnos v\u00eda email.<\/p>\n\n\n\n<ol start=\"6\" class=\"wp-block-list\">\n<li><strong>Enlaces y limitaci\u00f3n de responsabilidad.<\/strong><\/li>\n<\/ol>\n\n\n\n<p>El establecimiento de un hiperenlace no implica en ning\u00fan caso la existencia de relaciones entre el Titular y el propietario del sitio web en la que se establezca, ni la aceptaci\u00f3n y aprobaci\u00f3n por parte del Titular de sus contenidos o servicios. Aquellas personas que se propongan establecer un hiperenlace, previamente deber\u00e1n solicitar autorizaci\u00f3n por escrito al Titular. En todo caso, el hiperenlace \u00fanicamente permitir\u00e1 el acceso a la p\u00e1gina de inicio de nuestro sitio web. Asimismo, deber\u00e1 abstenerse de realizar manifestaciones o indicaciones falsas, inexactas o incorrectas sobre el Titular, o incluir contenidos il\u00edcitos, contrarios a las buenas costumbres y al orden p\u00fablico.<\/p>\n\n\n\n<p>El Titular no se responsabiliza del uso que cada usuario le d\u00e9 a los materiales puestos a disposici\u00f3n en este sitio web ni de las actuaciones que realice en base a los mismos. El contenido de la Web es de car\u00e1cter general y meramente informativo.<\/p>\n\n\n\n<p>El Titular no asumir\u00e1 responsabilidad por el contenido o funcionamiento de webs de terceros a los que el usuario del sitio Web pueda acceder mediante cualquier tipo de enlace.<\/p>\n\n\n\n<p>El Titular declina cualquier responsabilidad, hasta donde permita el ordenamiento jur\u00eddico, por los da\u00f1os y perjuicios derivados de la presencia de virus, de las actuaciones de terceros que vulneren derechos de propiedad, al honor, a la intimidad o sobre publicidad il\u00edcita.<\/p>\n\n\n\n<p>Si alg\u00fan usuario o tercero considera que en la Web se est\u00e1 cometiendo alg\u00fan il\u00edcito de cualquier tipo, debe remitir una comunicaci\u00f3n al Titular a la direcci\u00f3n de email que aparece en nuestros datos identificativos. Deber\u00e1 identificarse debidamente, especificando los hechos que denuncia.<\/p>\n\n\n\n<ol start=\"7\" class=\"wp-block-list\">\n<li><strong>Privacidad.<\/strong><\/li>\n<\/ol>\n\n\n\n<p>Si en la Web se recabaran datos personales, el Titular ser\u00e1 responsable de los mismos y los tratar\u00e1 con absoluta confidencialidad y seguridad. Podr\u00e1 encontrar m\u00e1s informaci\u00f3n en nuestra pol\u00edtica de privacidad y cookies.<\/p>\n\n\n\n<h3 class=\"wp-block-heading\">8. Modificaciones<\/h3>\n\n\n\n<p>El Titular se reserva el derecho a realizar las modificaciones que considere oportunas, sin aviso previo, en el contenido de su sitio web. Tanto en lo referente a los contenidos del sitio web, como en las condiciones de uso del mismo, o en las condiciones generales de contrataci\u00f3n. Dichas modificaciones podr\u00e1n realizarse a trav\u00e9s de su sitio web por cualquier forma admisible en derecho y ser\u00e1n de obligado cumplimiento durante el tiempo en que se encuentren publicadas en el web y hasta que no sean modificadas v\u00e1lidamente por otras posteriores.<\/p>\n\n\n\n<ol start=\"9\" class=\"wp-block-list\">\n<li><strong>Legislaci\u00f3n aplicable, soluci\u00f3n de cuestiones controvertidas y foro competente.<\/strong><\/li>\n<\/ol>\n\n\n\n<p>El uso de la Web se regir\u00e1 por la legislaci\u00f3n espa\u00f1ola. Cualquier controversia que surja o guarde relaci\u00f3n con el uso de la Web, ser\u00e1 sometido a la jurisdicci\u00f3n no exclusiva de los Juzgados y Tribunales del municipio donde radica el domicilio social del Titular.<\/p>\n","protected":false},"excerpt":{"rendered":"<p>www.psicologiasexologiamallorca.com (en adelante la web), es propiedad de PAOLA OBRADOR PELLICER (en adelante el Titular) con domicilio en C\/ Costa [&hellip;]<\/p>\n","protected":false},"author":1,"featured_media":0,"parent":0,"menu_order":50,"comment_status":"closed","ping_status":"closed","template":"","meta":{"_uag_custom_page_level_css":"","site-sidebar-layout":"default","site-content-layout":"","ast-site-content-layout":"default","site-content-style":"default","site-sidebar-style":"default","ast-global-header-display":"","ast-banner-title-visibility":"","ast-main-header-display":"","ast-hfb-above-header-display":"","ast-hfb-below-header-display":"","ast-hfb-mobile-header-display":"","site-post-title":"","ast-breadcrumbs-content":"","ast-featured-img":"","footer-sml-layout":"","ast-disable-related-posts":"","theme-transparent-header-meta":"","adv-header-id-meta":"","stick-header-meta":"","header-above-stick-meta":"","header-main-stick-meta":"","header-below-stick-meta":"","astra-migrate-meta-layouts":"default","ast-page-background-enabled":"default","ast-page-background-meta":{"desktop":{"background-color":"var(--ast-global-color-5)","background-image":"","background-repeat":"repeat","background-position":"center center","background-size":"auto","background-attachment":"scroll","background-type":"","background-media":"","overlay-type":"","overlay-color":"","overlay-opacity":"","overlay-gradient":""},"tablet":{"background-color":"","background-image":"","background-repeat":"repeat","background-position":"center center","background-size":"auto","background-attachment":"scroll","background-type":"","background-media":"","overlay-type":"","overlay-color":"","overlay-opacity":"","overlay-gradient":""},"mobile":{"background-color":"","background-image":"","background-repeat":"repeat","background-position":"center center","background-size":"auto","background-attachment":"scroll","background-type":"","background-media":"","overlay-type":"","overlay-color":"","overlay-opacity":"","overlay-gradient":""}},"ast-content-background-meta":{"desktop":{"background-color":"var(--ast-global-color-4)","background-image":"","background-repeat":"repeat","background-position":"center center","background-size":"auto","background-attachment":"scroll","background-type":"","background-media":"","overlay-type":"","overlay-color":"","overlay-opacity":"","overlay-gradient":""},"tablet":{"background-color":"var(--ast-global-color-4)","background-image":"","background-repeat":"repeat","background-position":"center center","background-size":"auto","background-attachment":"scroll","background-type":"","background-media":"","overlay-type":"","overlay-color":"","overlay-opacity":"","overlay-gradient":""},"mobile":{"background-color":"var(--ast-global-color-4)","background-image":"","background-repeat":"repeat","background-position":"center center","background-size":"auto","background-attachment":"scroll","background-type":"","background-media":"","overlay-type":"","overlay-color":"","overlay-opacity":"","overlay-gradient":""}},"footnotes":""},"class_list":["post-2842","page","type-page","status-publish","hentry"],"uagb_featured_image_src":{"full":false,"thumbnail":false,"medium":false,"medium_large":false,"large":false,"1536x1536":false,"2048x2048":false},"uagb_author_info":{"display_name":"Instituto Psicolog\u00eda Sexolog\u00eda","author_link":"https:\/\/www.psicologiasexologiamallorca.com\/en\/author\/admin\/"},"uagb_comment_info":0,"uagb_excerpt":"www.psicologiasexologiamallorca.com (en adelante la web), es propiedad de PAOLA OBRADOR PELLICER (en adelante el Titular) con domicilio en C\/ Costa [&hellip;]","_links":{"self":[{"href":"https:\/\/www.psicologiasexologiamallorca.com\/en\/wp-json\/wp\/v2\/pages\/2842","targetHints":{"allow":["GET"]}}],"collection":[{"href":"https:\/\/www.psicologiasexologiamallorca.com\/en\/wp-json\/wp\/v2\/pages"}],"about":[{"href":"https:\/\/www.psicologiasexologiamallorca.com\/en\/wp-json\/wp\/v2\/types\/page"}],"author":[{"embeddable":true,"href":"https:\/\/www.psicologiasexologiamallorca.com\/en\/wp-json\/wp\/v2\/users\/1"}],"replies":[{"embeddable":true,"href":"https:\/\/www.psicologiasexologiamallorca.com\/en\/wp-json\/wp\/v2\/comments?post=2842"}],"version-history":[{"count":4,"href":"https:\/\/www.psicologiasexologiamallorca.com\/en\/wp-json\/wp\/v2\/pages\/2842\/revisions"}],"predecessor-version":[{"id":6037,"href":"https:\/\/www.psicologiasexologiamallorca.com\/en\/wp-json\/wp\/v2\/pages\/2842\/revisions\/6037"}],"wp:attachment":[{"href":"https:\/\/www.psicologiasexologiamallorca.com\/en\/wp-json\/wp\/v2\/media?parent=2842"}],"curies":[{"name":"wp","href":"https:\/\/api.w.org\/{rel}","templated":true}]}}