{"id":2060,"date":"2024-11-29T12:47:12","date_gmt":"2024-11-29T12:47:12","guid":{"rendered":"https:\/\/psicomallorca0877.live-website.com\/revisio-general-psicologica\/"},"modified":"2026-03-09T11:43:06","modified_gmt":"2026-03-09T11:43:06","slug":"revisio-general-psicologica","status":"publish","type":"page","link":"https:\/\/www.psicologiasexologiamallorca.com\/ca\/revisio-general-psicologica\/","title":{"rendered":"Revisi\u00f3 general psicol\u00f2gica"},"content":{"rendered":"\n<figure class=\"wp-block-image size-full\"><img decoding=\"async\" width=\"1024\" height=\"576\" src=\"https:\/\/www.psicologiasexologiamallorca.com\/wp-content\/uploads\/2025\/09\/revisio-general-psicologica.jpg\" alt=\"Revisi\u00f3 general psicol\u00f2gica\" class=\"wp-image-5801\" srcset=\"https:\/\/www.psicologiasexologiamallorca.com\/wp-content\/uploads\/2025\/09\/revisio-general-psicologica.jpg 1024w, https:\/\/www.psicologiasexologiamallorca.com\/wp-content\/uploads\/2025\/09\/revisio-general-psicologica-300x169.jpg 300w, https:\/\/www.psicologiasexologiamallorca.com\/wp-content\/uploads\/2025\/09\/revisio-general-psicologica-768x432.jpg 768w\" sizes=\"(max-width: 1024px) 100vw, 1024px\" \/><\/figure>\n\n\n\n<p>Alguna vegada has pensat que te vindria b\u00e9 anar al psic\u00f2leg per\u00f2 no saps molt b\u00e9 per quin assumpte? Te fa curiositat saber quina valoraci\u00f3 faria un psic\u00f2leg si et fes una breu exploraci\u00f3?<\/p>\n\n\n\n<p>Es tracta d\u2019<strong>una \u00daNICA<\/strong> <strong>visita de 50 minuts<\/strong> en la qual realitzarem un an\u00e0lisi general del teu estat psicol\u00f2gic actual per tal de poder ajudar-te a detectar possibles aspectes si n\u2019hi ha, en els que sigui recomanable treballar a ter\u00e0pia.<\/p>\n\n\n\n<p>Podries veure-ho clar amb un s\u00edmil sobre la salut f\u00edsica: a medicina, habitualment es realitzen anal\u00edtiques generals de sang i d\u2019orina per a comprovar el nostre estat general de salut. Moltes vegades no aprofundeixen en segons quins aspectes per\u00f2 s\u00ed que ens permeten detectar els problemes m\u00e9s comuns preco\u00e7ment i aix\u00ed poder solucionar-los com m\u00e9s aviat millor. Passa una cosa semblant amb la nostra Revisi\u00f3 General Psicol\u00f2gica.<\/p>\n\n\n\n<p>No obstant aix\u00f2, si:<\/p>\n\n\n\n<ul class=\"wp-block-list\">\n<li>Hi ha alguna cosa en concret que et preocupa i en qu\u00e8 desitges aprofundir.<\/li>\n\n\n\n<li>Tens clar que desitges o necessites ajuda psicol\u00f2gica.<\/li>\n\n\n\n<li>Vols obtenir pautes sobre un tema espec\u00edfic.<\/li>\n<\/ul>\n\n\n\n<p>\u00c9s probable que la revisi\u00f3 general psicol\u00f2gica NO sigui el servei adequat per a tu. En qualsevol d&#8217;aquests casos, et recomanam que optis per algun dels nostres altres serveis, com la <strong>Primera Visita Informativa Gratu\u00efta<\/strong> o la <strong>Primera Visita tradicional<\/strong>. Demana informaci\u00f3 sense comprom\u00eds.<\/p>\n\n\n\n<p>Un cop realitzada aquesta revisi\u00f3 general i si la recomanaci\u00f3 del\/de la professional t&#8217;inst\u00e0s a iniciar una ter\u00e0pia, tu mateix\/a decidiries si coincideixes, si ho veus convenient i\/o si \u00e9s un bon moment per a tu.<\/p>\n\n\n\n<p>Aquest servei s&#8217;ofereix en els tres idiomes del centre (catal\u00e0, castell\u00e0 i angl\u00e8s) i tant presencialment com en l\u00ednia.<\/p>\n\n\n\n<p><a href=\"https:\/\/www.psicologiasexologiamallorca.com\/ca\/contacte\/\">Contacta&#8217;ns<\/a> sense comprom\u00eds per ampliar informaci\u00f3.<\/p>\n","protected":false},"excerpt":{"rendered":"<p>Alguna vegada has pensat que te vindria b\u00e9 anar al psic\u00f2leg per\u00f2 no saps molt b\u00e9 per quin assumpte? Te [&hellip;]<\/p>\n","protected":false},"author":1,"featured_media":0,"parent":0,"menu_order":0,"comment_status":"closed","ping_status":"closed","template":"","meta":{"_uag_custom_page_level_css":"","site-sidebar-layout":"right-sidebar","site-content-layout":"","ast-site-content-layout":"default","site-content-style":"default","site-sidebar-style":"default","ast-global-header-display":"","ast-banner-title-visibility":"","ast-main-header-display":"","ast-hfb-above-header-display":"","ast-hfb-below-header-display":"","ast-hfb-mobile-header-display":"","site-post-title":"","ast-breadcrumbs-content":"","ast-featured-img":"disabled","footer-sml-layout":"","ast-disable-related-posts":"","theme-transparent-header-meta":"","adv-header-id-meta":"","stick-header-meta":"","header-above-stick-meta":"","header-main-stick-meta":"","header-below-stick-meta":"","astra-migrate-meta-layouts":"default","ast-page-background-enabled":"default","ast-page-background-meta":{"desktop":{"background-color":"var(--ast-global-color-5)","background-image":"","background-repeat":"repeat","background-position":"center center","background-size":"auto","background-attachment":"scroll","background-type":"","background-media":"","overlay-type":"","overlay-color":"","overlay-opacity":"","overlay-gradient":""},"tablet":{"background-color":"","background-image":"","background-repeat":"repeat","background-position":"center center","background-size":"auto","background-attachment":"scroll","background-type":"","background-media":"","overlay-type":"","overlay-color":"","overlay-opacity":"","overlay-gradient":""},"mobile":{"background-color":"","background-image":"","background-repeat":"repeat","background-position":"center center","background-size":"auto","background-attachment":"scroll","background-type":"","background-media":"","overlay-type":"","overlay-color":"","overlay-opacity":"","overlay-gradient":""}},"ast-content-background-meta":{"desktop":{"background-color":"var(--ast-global-color-4)","background-image":"","background-repeat":"repeat","background-position":"center center","background-size":"auto","background-attachment":"scroll","background-type":"","background-media":"","overlay-type":"","overlay-color":"","overlay-opacity":"","overlay-gradient":""},"tablet":{"background-color":"var(--ast-global-color-4)","background-image":"","background-repeat":"repeat","background-position":"center center","background-size":"auto","background-attachment":"scroll","background-type":"","background-media":"","overlay-type":"","overlay-color":"","overlay-opacity":"","overlay-gradient":""},"mobile":{"background-color":"var(--ast-global-color-4)","background-image":"","background-repeat":"repeat","background-position":"center center","background-size":"auto","background-attachment":"scroll","background-type":"","background-media":"","overlay-type":"","overlay-color":"","overlay-opacity":"","overlay-gradient":""}},"footnotes":""},"class_list":["post-2060","page","type-page","status-publish","hentry"],"uagb_featured_image_src":{"full":false,"thumbnail":false,"medium":false,"medium_large":false,"large":false,"1536x1536":false,"2048x2048":false},"uagb_author_info":{"display_name":"Instituto Psicolog\u00eda Sexolog\u00eda","author_link":"https:\/\/www.psicologiasexologiamallorca.com\/ca\/author\/admin\/"},"uagb_comment_info":0,"uagb_excerpt":"Alguna vegada has pensat que te vindria b\u00e9 anar al psic\u00f2leg per\u00f2 no saps molt b\u00e9 per quin assumpte? Te [&hellip;]","_links":{"self":[{"href":"https:\/\/www.psicologiasexologiamallorca.com\/ca\/wp-json\/wp\/v2\/pages\/2060","targetHints":{"allow":["GET"]}}],"collection":[{"href":"https:\/\/www.psicologiasexologiamallorca.com\/ca\/wp-json\/wp\/v2\/pages"}],"about":[{"href":"https:\/\/www.psicologiasexologiamallorca.com\/ca\/wp-json\/wp\/v2\/types\/page"}],"author":[{"embeddable":true,"href":"https:\/\/www.psicologiasexologiamallorca.com\/ca\/wp-json\/wp\/v2\/users\/1"}],"replies":[{"embeddable":true,"href":"https:\/\/www.psicologiasexologiamallorca.com\/ca\/wp-json\/wp\/v2\/comments?post=2060"}],"version-history":[{"count":5,"href":"https:\/\/www.psicologiasexologiamallorca.com\/ca\/wp-json\/wp\/v2\/pages\/2060\/revisions"}],"predecessor-version":[{"id":6791,"href":"https:\/\/www.psicologiasexologiamallorca.com\/ca\/wp-json\/wp\/v2\/pages\/2060\/revisions\/6791"}],"wp:attachment":[{"href":"https:\/\/www.psicologiasexologiamallorca.com\/ca\/wp-json\/wp\/v2\/media?parent=2060"}],"curies":[{"name":"wp","href":"https:\/\/api.w.org\/{rel}","templated":true}]}}