{"id":2054,"date":"2022-12-14T12:19:18","date_gmt":"2022-12-14T12:19:18","guid":{"rendered":"https:\/\/psicomallorca0877.live-website.com\/terapia-emdr\/"},"modified":"2025-09-09T13:34:07","modified_gmt":"2025-09-09T13:34:07","slug":"terapia-emdr","status":"publish","type":"page","link":"https:\/\/www.psicologiasexologiamallorca.com\/ca\/terapia-emdr\/","title":{"rendered":"Ter\u00e0pia EMDR (Eye Movement Desensitization and Reprocessing)"},"content":{"rendered":"\n<figure class=\"wp-block-image size-large\"><img decoding=\"async\" width=\"1024\" height=\"576\" src=\"https:\/\/www.psicologiasexologiamallorca.com\/wp-content\/uploads\/2025\/09\/terapia-emdr-1024x576.jpg\" alt=\"Ter\u00e0pia EMDR\" class=\"wp-image-5793\" srcset=\"https:\/\/www.psicologiasexologiamallorca.com\/wp-content\/uploads\/2025\/09\/terapia-emdr-1024x576.jpg 1024w, https:\/\/www.psicologiasexologiamallorca.com\/wp-content\/uploads\/2025\/09\/terapia-emdr-300x169.jpg 300w, https:\/\/www.psicologiasexologiamallorca.com\/wp-content\/uploads\/2025\/09\/terapia-emdr-768x432.jpg 768w, https:\/\/www.psicologiasexologiamallorca.com\/wp-content\/uploads\/2025\/09\/terapia-emdr.jpg 1200w\" sizes=\"(max-width: 1024px) 100vw, 1024px\" \/><\/figure>\n\n\n\n<p>L&#8217;abordatge terap\u00e8utic d&#8217;EMDR \u00e9s una eina molt \u00fatil per a diferents problem\u00e0tiques. El seu enfocament facilita la comprensi\u00f3 i el tractament m\u00e9s profund i complex d&#8217;aquells casos que aix\u00ed ho requereixin. La seva efic\u00e0cia es basa en la detecci\u00f3 dels esdeveniments m\u00e9s destacats (siguin puntuals o repetits en el temps) de la hist\u00f2ria vital que estan infl\u00fcint en els s\u00edmptomes que es volen treballar; i en el seu tractament, mitjan\u00e7ant un protocol que inclou estimulaci\u00f3 bilateral (ocular, auditiva o t\u00e0ctil), ja que aquest element terap\u00e8utic afavoreix el reprocessament d&#8217;aquests records i redueix el seu efecte en el present.<\/p>\n\n\n\n<p>Aquests s\u00f3n alguns dels temes en qu\u00e8 et podem ajudar amb aquest abordatge:<\/p>\n\n\n\n<figure class=\"wp-block-table\"><table><tbody><tr><td>Problemes d&#8217;ansietat<\/td><td>Esdeveniments traum\u00e0tics<\/td><td>Problemes relacionats amb l&#8217;afecci\u00f3 <\/td><\/tr><tr><td>Dificultats en la regulaci\u00f3 emocional (gesti\u00f3 de les emocions)<br><\/td><td>Dificultats en les relacions socials  <\/td><td>Depend\u00e8ncia emocional<\/td><\/tr><tr><td>Pors<\/td><td>Estr\u00e8s posttraum\u00e0tic<\/td><td>Bullying   <\/td><\/tr><tr><td>Baix estat d&#8217;\u00e0nim  <\/td><td>Control de la ira <\/td><td>Inseguretat<\/td><\/tr><tr><td>Agoraf\u00f2bia   &nbsp;   <\/td><td>Despersonalitzaci\u00f3<\/td><td>Baixa autoestima<\/td><\/tr><tr><td>Desrealitzaci\u00f3   &nbsp;   <\/td><td>Canvis bruscs de l&#8217;estat d&#8217;\u00e0nim  <\/td><td>Trastorns dissociatius<\/td><\/tr><tr><td>Ab\u00fas sexual<\/td><td>Maltractaments&nbsp;   <\/td><td>\n  Mobbing\n  <\/td><\/tr><tr><td>Obsessions<\/td><td>Aversi\u00f3 al sexe<\/td><td>Relacions t\u00f2xiques<\/td><\/tr><\/tbody><\/table><\/figure>\n\n\n\n<figure class=\"wp-block-image aligncenter size-full is-resized\"><img decoding=\"async\" width=\"500\" height=\"367\" src=\"https:\/\/www.psicologiasexologiamallorca.com\/wp-content\/uploads\/2025\/09\/logo-emdr.jpg\" alt=\"Logos Asociaci\u00f3n EMDR Espa\u00f1a y EMDR Europa\" class=\"wp-image-5805\" style=\"width:562px;height:auto\" srcset=\"https:\/\/www.psicologiasexologiamallorca.com\/wp-content\/uploads\/2025\/09\/logo-emdr.jpg 500w, https:\/\/www.psicologiasexologiamallorca.com\/wp-content\/uploads\/2025\/09\/logo-emdr-300x220.jpg 300w\" sizes=\"(max-width: 500px) 100vw, 500px\" \/><\/figure>\n\n\n\n<p>Aquestes s\u00f3n algunes de les consultes m\u00e9s freq\u00fcents en aquesta \u00e0rea. No obstant aix\u00f2, s\u00f3n molts els aspectes que poden portar-nos a buscar ajuda. Si el teu motiu de consulta no es troba aqu\u00ed per\u00f2 creus que podem ajudar-te, pots posar-te en contacte amb nosaltres directament i fer la teva consulta, de manera que puguem dir-te amb m\u00e9s exactitud si podem ajudar-te o on podries acudir.<\/p>\n","protected":false},"excerpt":{"rendered":"<p>L&#8217;abordatge terap\u00e8utic d&#8217;EMDR \u00e9s una eina molt \u00fatil per a diferents problem\u00e0tiques. El seu enfocament facilita la comprensi\u00f3 i el [&hellip;]<\/p>\n","protected":false},"author":1,"featured_media":0,"parent":0,"menu_order":0,"comment_status":"closed","ping_status":"closed","template":"","meta":{"_uag_custom_page_level_css":"","site-sidebar-layout":"right-sidebar","site-content-layout":"","ast-site-content-layout":"default","site-content-style":"default","site-sidebar-style":"default","ast-global-header-display":"","ast-banner-title-visibility":"","ast-main-header-display":"","ast-hfb-above-header-display":"","ast-hfb-below-header-display":"","ast-hfb-mobile-header-display":"","site-post-title":"","ast-breadcrumbs-content":"","ast-featured-img":"disabled","footer-sml-layout":"","ast-disable-related-posts":"","theme-transparent-header-meta":"","adv-header-id-meta":"","stick-header-meta":"","header-above-stick-meta":"","header-main-stick-meta":"","header-below-stick-meta":"","astra-migrate-meta-layouts":"default","ast-page-background-enabled":"default","ast-page-background-meta":{"desktop":{"background-color":"var(--ast-global-color-5)","background-image":"","background-repeat":"repeat","background-position":"center center","background-size":"auto","background-attachment":"scroll","background-type":"","background-media":"","overlay-type":"","overlay-color":"","overlay-opacity":"","overlay-gradient":""},"tablet":{"background-color":"","background-image":"","background-repeat":"repeat","background-position":"center center","background-size":"auto","background-attachment":"scroll","background-type":"","background-media":"","overlay-type":"","overlay-color":"","overlay-opacity":"","overlay-gradient":""},"mobile":{"background-color":"","background-image":"","background-repeat":"repeat","background-position":"center center","background-size":"auto","background-attachment":"scroll","background-type":"","background-media":"","overlay-type":"","overlay-color":"","overlay-opacity":"","overlay-gradient":""}},"ast-content-background-meta":{"desktop":{"background-color":"var(--ast-global-color-4)","background-image":"","background-repeat":"repeat","background-position":"center center","background-size":"auto","background-attachment":"scroll","background-type":"","background-media":"","overlay-type":"","overlay-color":"","overlay-opacity":"","overlay-gradient":""},"tablet":{"background-color":"var(--ast-global-color-4)","background-image":"","background-repeat":"repeat","background-position":"center center","background-size":"auto","background-attachment":"scroll","background-type":"","background-media":"","overlay-type":"","overlay-color":"","overlay-opacity":"","overlay-gradient":""},"mobile":{"background-color":"var(--ast-global-color-4)","background-image":"","background-repeat":"repeat","background-position":"center center","background-size":"auto","background-attachment":"scroll","background-type":"","background-media":"","overlay-type":"","overlay-color":"","overlay-opacity":"","overlay-gradient":""}},"footnotes":""},"class_list":["post-2054","page","type-page","status-publish","hentry"],"uagb_featured_image_src":{"full":false,"thumbnail":false,"medium":false,"medium_large":false,"large":false,"1536x1536":false,"2048x2048":false},"uagb_author_info":{"display_name":"Instituto Psicolog\u00eda Sexolog\u00eda","author_link":"https:\/\/www.psicologiasexologiamallorca.com\/ca\/author\/admin\/"},"uagb_comment_info":0,"uagb_excerpt":"L&#8217;abordatge terap\u00e8utic d&#8217;EMDR \u00e9s una eina molt \u00fatil per a diferents problem\u00e0tiques. El seu enfocament facilita la comprensi\u00f3 i el [&hellip;]","_links":{"self":[{"href":"https:\/\/www.psicologiasexologiamallorca.com\/ca\/wp-json\/wp\/v2\/pages\/2054","targetHints":{"allow":["GET"]}}],"collection":[{"href":"https:\/\/www.psicologiasexologiamallorca.com\/ca\/wp-json\/wp\/v2\/pages"}],"about":[{"href":"https:\/\/www.psicologiasexologiamallorca.com\/ca\/wp-json\/wp\/v2\/types\/page"}],"author":[{"embeddable":true,"href":"https:\/\/www.psicologiasexologiamallorca.com\/ca\/wp-json\/wp\/v2\/users\/1"}],"replies":[{"embeddable":true,"href":"https:\/\/www.psicologiasexologiamallorca.com\/ca\/wp-json\/wp\/v2\/comments?post=2054"}],"version-history":[{"count":5,"href":"https:\/\/www.psicologiasexologiamallorca.com\/ca\/wp-json\/wp\/v2\/pages\/2054\/revisions"}],"predecessor-version":[{"id":5810,"href":"https:\/\/www.psicologiasexologiamallorca.com\/ca\/wp-json\/wp\/v2\/pages\/2054\/revisions\/5810"}],"wp:attachment":[{"href":"https:\/\/www.psicologiasexologiamallorca.com\/ca\/wp-json\/wp\/v2\/media?parent=2054"}],"curies":[{"name":"wp","href":"https:\/\/api.w.org\/{rel}","templated":true}]}}