{"id":2050,"date":"2023-01-17T13:18:28","date_gmt":"2023-01-17T13:18:28","guid":{"rendered":"https:\/\/psicomallorca0877.live-website.com\/dols-i-perdues\/"},"modified":"2025-09-09T10:40:46","modified_gmt":"2025-09-09T10:40:46","slug":"dols-i-perdues","status":"publish","type":"page","link":"https:\/\/www.psicologiasexologiamallorca.com\/ca\/dols-i-perdues\/","title":{"rendered":"Dols i p\u00e8rdues"},"content":{"rendered":"\n<figure class=\"wp-block-image size-large is-resized\"><img decoding=\"async\" width=\"1024\" height=\"576\" src=\"https:\/\/www.psicologiasexologiamallorca.com\/wp-content\/uploads\/2025\/09\/dols-i-perdues-1024x576.jpg\" alt=\"Dols i p\u00e8rdues\" class=\"wp-image-5767\" style=\"width:1200px;height:auto\" srcset=\"https:\/\/www.psicologiasexologiamallorca.com\/wp-content\/uploads\/2025\/09\/dols-i-perdues-1024x576.jpg 1024w, https:\/\/www.psicologiasexologiamallorca.com\/wp-content\/uploads\/2025\/09\/dols-i-perdues-300x169.jpg 300w, https:\/\/www.psicologiasexologiamallorca.com\/wp-content\/uploads\/2025\/09\/dols-i-perdues-768x432.jpg 768w, https:\/\/www.psicologiasexologiamallorca.com\/wp-content\/uploads\/2025\/09\/dols-i-perdues.jpg 1200w\" sizes=\"(max-width: 1024px) 100vw, 1024px\" \/><\/figure>\n\n\n\n<p>L&#8217;atenci\u00f3 psicol\u00f2gica en dol \u00e9s aquella que est\u00e0 especialitzada en el proc\u00e9s d&#8217;adaptaci\u00f3 emocional posterior a una p\u00e8rdua significativa; pot ser un acompanyament en aquest proc\u00e9s i \/ o ter\u00e0pia espec\u00edfica.<\/p>\n\n\n\n<p>Cada persona t\u00e9 una capacitat d&#8217;adaptaci\u00f3 diferent davant una p\u00e8rdua, tenint en compte que els factors que acompanyen aquestes p\u00e8rdues poden influir en aquest proc\u00e9s, de manera adaptativa o desadaptativa. Per poder dur a terme un acompanyament i \/ o una ter\u00e0pia, el professional de la psicologia de porta a terme una avaluaci\u00f3 per valorar les necessitats de cada persona i aplicar el tractament pertinent.<\/p>\n\n\n\n<ul class=\"wp-block-list\">\n<li>Defunci\u00f3 d&#8217;un \u00e9sser estimat<\/li>\n\n\n\n<li>Defunci\u00f3 d&#8217;una mascota<\/li>\n\n\n\n<li> P\u00e8rdua d&#8217;una funci\u00f3 corporal o d&#8217;una part de el cos, per accident o malaltia<\/li>\n\n\n\n<li> Ruptura d&#8217;una relaci\u00f3 de parella<\/li>\n\n\n\n<li> Finalitzaci\u00f3 d&#8217;una relaci\u00f3 personal<\/li>\n\n\n\n<li> P\u00e8rdua d&#8217;ocupaci\u00f3<\/li>\n\n\n\n<li> Canvi de lloc de resid\u00e8ncia<\/li>\n<\/ul>\n\n\n\n<p><\/p>\n\n\n\n<p>Aquestes s\u00f3n algunes de les consultes m\u00e9s freq\u00fcents en aquesta \u00e0rea. No obstant aix\u00f2, s\u00f3n molts els aspectes que poden portar-nos a buscar ajuda. Si el teu motiu de consulta no es troba aqu\u00ed per\u00f2 creus que podem ajudar-te, pots posar-te en contacte amb nosaltres directament i fer la teva consulta, de manera que puguem dir-te amb m\u00e9s exactitud si podem ajudar-te o on podries acudir.<\/p>\n","protected":false},"excerpt":{"rendered":"<p>L&#8217;atenci\u00f3 psicol\u00f2gica en dol \u00e9s aquella que est\u00e0 especialitzada en el proc\u00e9s d&#8217;adaptaci\u00f3 emocional posterior a una p\u00e8rdua significativa; pot [&hellip;]<\/p>\n","protected":false},"author":1,"featured_media":5767,"parent":0,"menu_order":0,"comment_status":"closed","ping_status":"closed","template":"","meta":{"_uag_custom_page_level_css":"","site-sidebar-layout":"right-sidebar","site-content-layout":"","ast-site-content-layout":"default","site-content-style":"default","site-sidebar-style":"default","ast-global-header-display":"","ast-banner-title-visibility":"","ast-main-header-display":"","ast-hfb-above-header-display":"","ast-hfb-below-header-display":"","ast-hfb-mobile-header-display":"","site-post-title":"","ast-breadcrumbs-content":"","ast-featured-img":"disabled","footer-sml-layout":"","ast-disable-related-posts":"","theme-transparent-header-meta":"","adv-header-id-meta":"","stick-header-meta":"","header-above-stick-meta":"","header-main-stick-meta":"","header-below-stick-meta":"","astra-migrate-meta-layouts":"default","ast-page-background-enabled":"default","ast-page-background-meta":{"desktop":{"background-color":"var(--ast-global-color-5)","background-image":"","background-repeat":"repeat","background-position":"center center","background-size":"auto","background-attachment":"scroll","background-type":"","background-media":"","overlay-type":"","overlay-color":"","overlay-opacity":"","overlay-gradient":""},"tablet":{"background-color":"","background-image":"","background-repeat":"repeat","background-position":"center center","background-size":"auto","background-attachment":"scroll","background-type":"","background-media":"","overlay-type":"","overlay-color":"","overlay-opacity":"","overlay-gradient":""},"mobile":{"background-color":"","background-image":"","background-repeat":"repeat","background-position":"center center","background-size":"auto","background-attachment":"scroll","background-type":"","background-media":"","overlay-type":"","overlay-color":"","overlay-opacity":"","overlay-gradient":""}},"ast-content-background-meta":{"desktop":{"background-color":"var(--ast-global-color-4)","background-image":"","background-repeat":"repeat","background-position":"center center","background-size":"auto","background-attachment":"scroll","background-type":"","background-media":"","overlay-type":"","overlay-color":"","overlay-opacity":"","overlay-gradient":""},"tablet":{"background-color":"var(--ast-global-color-4)","background-image":"","background-repeat":"repeat","background-position":"center center","background-size":"auto","background-attachment":"scroll","background-type":"","background-media":"","overlay-type":"","overlay-color":"","overlay-opacity":"","overlay-gradient":""},"mobile":{"background-color":"var(--ast-global-color-4)","background-image":"","background-repeat":"repeat","background-position":"center center","background-size":"auto","background-attachment":"scroll","background-type":"","background-media":"","overlay-type":"","overlay-color":"","overlay-opacity":"","overlay-gradient":""}},"footnotes":""},"class_list":["post-2050","page","type-page","status-publish","has-post-thumbnail","hentry"],"uagb_featured_image_src":{"full":["https:\/\/www.psicologiasexologiamallorca.com\/wp-content\/uploads\/2025\/09\/dols-i-perdues.jpg",1200,675,false],"thumbnail":["https:\/\/www.psicologiasexologiamallorca.com\/wp-content\/uploads\/2025\/09\/dols-i-perdues-150x150.jpg",150,150,true],"medium":["https:\/\/www.psicologiasexologiamallorca.com\/wp-content\/uploads\/2025\/09\/dols-i-perdues-300x169.jpg",300,169,true],"medium_large":["https:\/\/www.psicologiasexologiamallorca.com\/wp-content\/uploads\/2025\/09\/dols-i-perdues-768x432.jpg",768,432,true],"large":["https:\/\/www.psicologiasexologiamallorca.com\/wp-content\/uploads\/2025\/09\/dols-i-perdues-1024x576.jpg",1024,576,true],"1536x1536":["https:\/\/www.psicologiasexologiamallorca.com\/wp-content\/uploads\/2025\/09\/dols-i-perdues.jpg",1200,675,false],"2048x2048":["https:\/\/www.psicologiasexologiamallorca.com\/wp-content\/uploads\/2025\/09\/dols-i-perdues.jpg",1200,675,false]},"uagb_author_info":{"display_name":"Instituto Psicolog\u00eda Sexolog\u00eda","author_link":"https:\/\/www.psicologiasexologiamallorca.com\/ca\/author\/admin\/"},"uagb_comment_info":0,"uagb_excerpt":"L&#8217;atenci\u00f3 psicol\u00f2gica en dol \u00e9s aquella que est\u00e0 especialitzada en el proc\u00e9s d&#8217;adaptaci\u00f3 emocional posterior a una p\u00e8rdua significativa; pot [&hellip;]","_links":{"self":[{"href":"https:\/\/www.psicologiasexologiamallorca.com\/ca\/wp-json\/wp\/v2\/pages\/2050","targetHints":{"allow":["GET"]}}],"collection":[{"href":"https:\/\/www.psicologiasexologiamallorca.com\/ca\/wp-json\/wp\/v2\/pages"}],"about":[{"href":"https:\/\/www.psicologiasexologiamallorca.com\/ca\/wp-json\/wp\/v2\/types\/page"}],"author":[{"embeddable":true,"href":"https:\/\/www.psicologiasexologiamallorca.com\/ca\/wp-json\/wp\/v2\/users\/1"}],"replies":[{"embeddable":true,"href":"https:\/\/www.psicologiasexologiamallorca.com\/ca\/wp-json\/wp\/v2\/comments?post=2050"}],"version-history":[{"count":3,"href":"https:\/\/www.psicologiasexologiamallorca.com\/ca\/wp-json\/wp\/v2\/pages\/2050\/revisions"}],"predecessor-version":[{"id":5768,"href":"https:\/\/www.psicologiasexologiamallorca.com\/ca\/wp-json\/wp\/v2\/pages\/2050\/revisions\/5768"}],"wp:featuredmedia":[{"embeddable":true,"href":"https:\/\/www.psicologiasexologiamallorca.com\/ca\/wp-json\/wp\/v2\/media\/5767"}],"wp:attachment":[{"href":"https:\/\/www.psicologiasexologiamallorca.com\/ca\/wp-json\/wp\/v2\/media?parent=2050"}],"curies":[{"name":"wp","href":"https:\/\/api.w.org\/{rel}","templated":true}]}}