{"id":2040,"date":"2022-12-14T09:55:09","date_gmt":"2022-12-14T09:55:09","guid":{"rendered":"https:\/\/psicomallorca0877.live-website.com\/psicologia-general-sanitaria\/"},"modified":"2025-09-09T09:58:03","modified_gmt":"2025-09-09T09:58:03","slug":"psicologia-general-sanitaria","status":"publish","type":"page","link":"https:\/\/www.psicologiasexologiamallorca.com\/ca\/psicologia-general-sanitaria\/","title":{"rendered":"Psicologia General"},"content":{"rendered":"\n<figure class=\"wp-block-image size-large\"><img decoding=\"async\" src=\"https:\/\/www.psicologiasexologiamallorca.com\/wp-content\/uploads\/2025\/08\/psicologia-general-sanitaria.jpg\" alt=\"\" class=\"wp-image-2919\"\/><\/figure>\n\n\n\n<p id=\"block-074fb498-4504-4db4-8b3a-4e8c91f51e57\">La psicolog\u00eda general sanitaria abarca la evaluaci\u00f3n, el diagn\u00f3stico y el posible tratamiento psicol\u00f3gico, a cargo de los\/as psic\u00f3logos\/as generales sanitarios\/as que estamos formados\/as y cualificados\/as para ello. Es decir, se encarga de la salud psicol\u00f3gica de las personas y de proporcionarles herramientas para que tengan bienestar psicol\u00f3gico y emocional.<\/p>\n\n\n\n<p id=\"block-d27743d1-9645-4399-9843-6330f34dda36\">La psicolog\u00eda general sanitaria trabaja con varias corrientes, entre ellas la cognitivo-conductual, con la que mayormente actuamos nosotras. Esta terapia est\u00e1 avalada cient\u00edficamente, es decir, sus resultados son emp\u00edricamente demostrables, por tanto, sabemos que la eficacia de este tipo de terapia, que trabaja desde un enfoque integral de la persona, modificando sus pensamientos, sus emociones y sus conductas, tiene unas probabilidades de \u00e9xito elevadas si se aplican adecuadamente sus t\u00e9cnicas.<\/p>\n\n\n\n<p id=\"block-743c289c-05e1-45ec-9214-df61cec2886f\">Estos son algunos de los temas en los que te podemos ayudar:<\/p>\n\n\n\n<figure class=\"wp-block-table\"><table><tbody><tr><td>Problemas de ansiedad &nbsp;<\/td><td>Compulsiones<\/td><td>Tabaquismo<\/td><\/tr><tr><td>Crisis de ansiedad o angustia &nbsp;<\/td><td>Hipocondr\u00eda<\/td><td>Problemas de sue\u00f1o<\/td><\/tr><tr><td>Trastorno de p\u00e1nico &nbsp;<\/td><td>Estr\u00e9s postraum\u00e1tico<\/td><td>Miedos<\/td><\/tr><tr><td>Fobias &nbsp;<\/td><td>Depresi\u00f3n<\/td><td>Inseguridad<\/td><\/tr><tr><td>Agorafobia &nbsp;<\/td><td>Bajo estado de \u00e1nimo<\/td><td>Baja autoestima<\/td><\/tr><tr><td>Ansiedad generalizada &nbsp;<\/td><td>Cambios bruscos del estado de \u00e1nimo<\/td><td>Dependencia emocional<\/td><\/tr><tr><td>Preocupaciones constantes &nbsp;<\/td><td>Impulsividad o problemas con el control de impulsos &nbsp;<\/td><td>Problemas con la imagen corporal<\/td><\/tr><tr><td>Obsesiones<\/td><td>Dificultades en las relaciones sociales<\/td><td>&nbsp;<\/td><\/tr><\/tbody><\/table><\/figure>\n\n\n\n<p id=\"block-ae69141d-dd48-4102-87c5-e2e238d25da5\">Estas son algunas de las consultas m\u00e1s frecuentes en esta \u00e1rea. Sin embargo, son muchos los aspectos que pueden llevarnos a buscar ayuda. Si tu motivo de consulta no se encuentra aqu\u00ed pero crees que podemos ayudarte, puedes ponerte en contacto con nosotras directamente y hacer tu consulta, de manera que podamos decirte con m\u00e1s exactitud si podemos ayudarte o d\u00f3nde podr\u00edas acudir.<\/p>\n","protected":false},"excerpt":{"rendered":"<p>La psicolog\u00eda general sanitaria abarca la evaluaci\u00f3n, el diagn\u00f3stico y el posible tratamiento psicol\u00f3gico, a cargo de los\/as psic\u00f3logos\/as generales [&hellip;]<\/p>\n","protected":false},"author":1,"featured_media":0,"parent":0,"menu_order":0,"comment_status":"closed","ping_status":"closed","template":"","meta":{"_uag_custom_page_level_css":"","site-sidebar-layout":"right-sidebar","site-content-layout":"","ast-site-content-layout":"default","site-content-style":"default","site-sidebar-style":"default","ast-global-header-display":"","ast-banner-title-visibility":"","ast-main-header-display":"","ast-hfb-above-header-display":"","ast-hfb-below-header-display":"","ast-hfb-mobile-header-display":"","site-post-title":"","ast-breadcrumbs-content":"","ast-featured-img":"disabled","footer-sml-layout":"","ast-disable-related-posts":"","theme-transparent-header-meta":"","adv-header-id-meta":"","stick-header-meta":"","header-above-stick-meta":"","header-main-stick-meta":"","header-below-stick-meta":"","astra-migrate-meta-layouts":"default","ast-page-background-enabled":"default","ast-page-background-meta":{"desktop":{"background-color":"var(--ast-global-color-5)","background-image":"","background-repeat":"repeat","background-position":"center center","background-size":"auto","background-attachment":"scroll","background-type":"","background-media":"","overlay-type":"","overlay-color":"","overlay-opacity":"","overlay-gradient":""},"tablet":{"background-color":"","background-image":"","background-repeat":"repeat","background-position":"center center","background-size":"auto","background-attachment":"scroll","background-type":"","background-media":"","overlay-type":"","overlay-color":"","overlay-opacity":"","overlay-gradient":""},"mobile":{"background-color":"","background-image":"","background-repeat":"repeat","background-position":"center center","background-size":"auto","background-attachment":"scroll","background-type":"","background-media":"","overlay-type":"","overlay-color":"","overlay-opacity":"","overlay-gradient":""}},"ast-content-background-meta":{"desktop":{"background-color":"var(--ast-global-color-4)","background-image":"","background-repeat":"repeat","background-position":"center center","background-size":"auto","background-attachment":"scroll","background-type":"","background-media":"","overlay-type":"","overlay-color":"","overlay-opacity":"","overlay-gradient":""},"tablet":{"background-color":"var(--ast-global-color-4)","background-image":"","background-repeat":"repeat","background-position":"center center","background-size":"auto","background-attachment":"scroll","background-type":"","background-media":"","overlay-type":"","overlay-color":"","overlay-opacity":"","overlay-gradient":""},"mobile":{"background-color":"var(--ast-global-color-4)","background-image":"","background-repeat":"repeat","background-position":"center center","background-size":"auto","background-attachment":"scroll","background-type":"","background-media":"","overlay-type":"","overlay-color":"","overlay-opacity":"","overlay-gradient":""}},"footnotes":""},"class_list":["post-2040","page","type-page","status-publish","hentry"],"uagb_featured_image_src":{"full":false,"thumbnail":false,"medium":false,"medium_large":false,"large":false,"1536x1536":false,"2048x2048":false},"uagb_author_info":{"display_name":"Instituto Psicolog\u00eda Sexolog\u00eda","author_link":"https:\/\/www.psicologiasexologiamallorca.com\/ca\/author\/admin\/"},"uagb_comment_info":0,"uagb_excerpt":"La psicolog\u00eda general sanitaria abarca la evaluaci\u00f3n, el diagn\u00f3stico y el posible tratamiento psicol\u00f3gico, a cargo de los\/as psic\u00f3logos\/as generales [&hellip;]","_links":{"self":[{"href":"https:\/\/www.psicologiasexologiamallorca.com\/ca\/wp-json\/wp\/v2\/pages\/2040","targetHints":{"allow":["GET"]}}],"collection":[{"href":"https:\/\/www.psicologiasexologiamallorca.com\/ca\/wp-json\/wp\/v2\/pages"}],"about":[{"href":"https:\/\/www.psicologiasexologiamallorca.com\/ca\/wp-json\/wp\/v2\/types\/page"}],"author":[{"embeddable":true,"href":"https:\/\/www.psicologiasexologiamallorca.com\/ca\/wp-json\/wp\/v2\/users\/1"}],"replies":[{"embeddable":true,"href":"https:\/\/www.psicologiasexologiamallorca.com\/ca\/wp-json\/wp\/v2\/comments?post=2040"}],"version-history":[{"count":3,"href":"https:\/\/www.psicologiasexologiamallorca.com\/ca\/wp-json\/wp\/v2\/pages\/2040\/revisions"}],"predecessor-version":[{"id":5740,"href":"https:\/\/www.psicologiasexologiamallorca.com\/ca\/wp-json\/wp\/v2\/pages\/2040\/revisions\/5740"}],"wp:attachment":[{"href":"https:\/\/www.psicologiasexologiamallorca.com\/ca\/wp-json\/wp\/v2\/media?parent=2040"}],"curies":[{"name":"wp","href":"https:\/\/api.w.org\/{rel}","templated":true}]}}