{"id":2038,"date":"2015-01-09T21:12:26","date_gmt":"2015-01-09T21:12:26","guid":{"rendered":"https:\/\/psicomallorca0877.live-website.com\/en-que-podem-ajudar-te\/"},"modified":"2025-11-07T12:06:29","modified_gmt":"2025-11-07T12:06:29","slug":"en-que-podem-ajudar-te","status":"publish","type":"page","link":"https:\/\/www.psicologiasexologiamallorca.com\/ca\/en-que-podem-ajudar-te\/","title":{"rendered":"En qu\u00e8 podem ajudar-te?"},"content":{"rendered":"\n<figure class=\"wp-block-image alignfull size-large\"><img decoding=\"async\" width=\"1024\" height=\"218\" src=\"https:\/\/www.psicologiasexologiamallorca.com\/wp-content\/uploads\/2025\/09\/banneren-que-podem-ajudar-te-1024x218.jpg\" alt=\"\" class=\"wp-image-5505\" srcset=\"https:\/\/www.psicologiasexologiamallorca.com\/wp-content\/uploads\/2025\/09\/banneren-que-podem-ajudar-te-1024x218.jpg 1024w, https:\/\/www.psicologiasexologiamallorca.com\/wp-content\/uploads\/2025\/09\/banneren-que-podem-ajudar-te-300x64.jpg 300w, https:\/\/www.psicologiasexologiamallorca.com\/wp-content\/uploads\/2025\/09\/banneren-que-podem-ajudar-te-768x164.jpg 768w, https:\/\/www.psicologiasexologiamallorca.com\/wp-content\/uploads\/2025\/09\/banneren-que-podem-ajudar-te-1536x328.jpg 1536w, https:\/\/www.psicologiasexologiamallorca.com\/wp-content\/uploads\/2025\/09\/banneren-que-podem-ajudar-te-2048x437.jpg 2048w\" sizes=\"(max-width: 1024px) 100vw, 1024px\" \/><\/figure>\n\n\n\n<h1 class=\"wp-block-heading\">En qu\u00e8 podem ajudar-te?<\/h1>\n\n\n\n<div style=\"height:30px\" aria-hidden=\"true\" class=\"wp-block-spacer\"><\/div>\n\n\n\n<p style=\"font-size:22px\">Fes clic en aquella problem\u00e0tica que millor s\u2019adapti al que et preocupa:<\/p>\n\n\n\n<div class=\"wp-block-buttons has-custom-font-size has-medium-font-size is-content-justification-center is-layout-flex wp-container-core-buttons-is-layout-a89b3969 wp-block-buttons-is-layout-flex\">\n<div class=\"wp-block-button\"><a class=\"wp-block-button__link wp-element-button\" href=\"https:\/\/www.psicologiasexologiamallorca.com\/ca\/psicologia-general-sanitaria\/\">Psicologia General<\/a><\/div>\n\n\n\n<div class=\"wp-block-button\"><a class=\"wp-block-button__link wp-element-button\" href=\"https:\/\/www.psicologiasexologiamallorca.com\/ca\/terapia-de-parella\/\">Ter\u00e0pia de parella<\/a><\/div>\n\n\n\n<div class=\"wp-block-button\"><a class=\"wp-block-button__link wp-element-button\" href=\"https:\/\/www.psicologiasexologiamallorca.com\/ca\/terapia-sexual\/\">Ter\u00e0pia Sexual&nbsp;<\/a><\/div>\n\n\n\n<div class=\"wp-block-button\"><a class=\"wp-block-button__link wp-element-button\" href=\"https:\/\/www.psicologiasexologiamallorca.com\/ca\/trastorns-alimentaris\/\">Trastorns alimentaris<\/a><\/div>\n\n\n\n<div class=\"wp-block-button\"><a class=\"wp-block-button__link wp-element-button\" href=\"https:\/\/www.psicologiasexologiamallorca.com\/ca\/psicooncologia\/\">Psicooncologia<\/a><\/div>\n\n\n\n<div class=\"wp-block-button\"><a class=\"wp-block-button__link wp-element-button\" href=\"https:\/\/www.psicologiasexologiamallorca.com\/ca\/dols-i-perdues\/\">Dols i p\u00e8rdues<\/a><\/div>\n\n\n\n<div class=\"wp-block-button\"><a class=\"wp-block-button__link has-text-align-center wp-element-button\" href=\"https:\/\/www.psicologiasexologiamallorca.com\/ca\/problemes-dadaptacio\/\">Problemes d\u2019adaptaci\u00f3<\/a><\/div>\n\n\n\n<div class=\"wp-block-button\"><a class=\"wp-block-button__link wp-element-button\" href=\"https:\/\/www.psicologiasexologiamallorca.com\/ca\/terapia-emdr\/\">Ter\u00e0pia EMDR<\/a><\/div>\n\n\n\n<div class=\"wp-block-button\"><a class=\"wp-block-button__link wp-element-button\" href=\"https:\/\/www.psicologiasexologiamallorca.com\/ca\/terapia-en-angles\/\">Ter\u00e0pia en angl\u00e8s<\/a><\/div>\n\n\n\n<div class=\"wp-block-button\"><a class=\"wp-block-button__link wp-element-button\" href=\"https:\/\/www.psicologiasexologiamallorca.com\/ca\/terapia-online\/\">Ter\u00e0pia Online<\/a><\/div>\n<\/div>\n\n\n\n<div style=\"height:30px\" aria-hidden=\"true\" class=\"wp-block-spacer\"><\/div>\n\n\n\n<p><strong>Tamb\u00e9 et pot interessar el nostre centre especialitzat en psicologia infantil:<\/strong><\/p>\n\n\n\n<div class=\"wp-block-group is-content-justification-center is-nowrap is-layout-flex wp-container-core-group-is-layout-23441af8 wp-block-group-is-layout-flex\">\n<figure class=\"wp-block-image aligncenter size-full\"><img decoding=\"async\" width=\"208\" height=\"102\" src=\"https:\/\/www.psicologiasexologiamallorca.com\/wp-content\/uploads\/2022\/09\/logowebadults.png\" alt=\"Psic\u00f3logos infantiles en Mallorca\" class=\"wp-image-4420\"\/><\/figure>\n\n\n\n<div class=\"wp-block-buttons is-content-justification-center is-layout-flex wp-container-core-buttons-is-layout-a89b3969 wp-block-buttons-is-layout-flex\">\n<div class=\"wp-block-button\"><a class=\"wp-block-button__link wp-element-button\" href=\"https:\/\/psicologiainfantilmallorca.com\/catala\/\" target=\"_blank\" rel=\"noreferrer noopener\">Psicologia infantil Mallorca<\/a><\/div>\n<\/div>\n<\/div>\n\n\n\n<p>En aquest v\u00eddeo responem a algunes de les preguntes m\u00e9s freq\u00fcents referents a la feina dels sex\u00f2legs i les sex\u00f2logues.<\/p>\n\n\n\n<figure class=\"wp-block-video\"><video controls src=\"https:\/\/www.psicologiasexologiamallorca.com\/wp-content\/uploads\/2019\/10\/27Oct2015Vida-Saludable.mp4\"><\/video><\/figure>\n\n\n\n<div style=\"height:80px\" aria-hidden=\"true\" class=\"wp-block-spacer\"><\/div>\n","protected":false},"excerpt":{"rendered":"<p>En qu\u00e8 podem ajudar-te? Fes clic en aquella problem\u00e0tica que millor s\u2019adapti al que et preocupa: Tamb\u00e9 et pot interessar [&hellip;]<\/p>\n","protected":false},"author":1,"featured_media":0,"parent":0,"menu_order":3,"comment_status":"closed","ping_status":"closed","template":"","meta":{"_uag_custom_page_level_css":"","site-sidebar-layout":"default","site-content-layout":"","ast-site-content-layout":"default","site-content-style":"default","site-sidebar-style":"default","ast-global-header-display":"","ast-banner-title-visibility":"","ast-main-header-display":"","ast-hfb-above-header-display":"","ast-hfb-below-header-display":"","ast-hfb-mobile-header-display":"","site-post-title":"disabled","ast-breadcrumbs-content":"","ast-featured-img":"disabled","footer-sml-layout":"","ast-disable-related-posts":"","theme-transparent-header-meta":"","adv-header-id-meta":"","stick-header-meta":"","header-above-stick-meta":"","header-main-stick-meta":"","header-below-stick-meta":"","astra-migrate-meta-layouts":"default","ast-page-background-enabled":"default","ast-page-background-meta":{"desktop":{"background-color":"var(--ast-global-color-5)","background-image":"","background-repeat":"repeat","background-position":"center center","background-size":"auto","background-attachment":"scroll","background-type":"","background-media":"","overlay-type":"","overlay-color":"","overlay-opacity":"","overlay-gradient":""},"tablet":{"background-color":"","background-image":"","background-repeat":"repeat","background-position":"center center","background-size":"auto","background-attachment":"scroll","background-type":"","background-media":"","overlay-type":"","overlay-color":"","overlay-opacity":"","overlay-gradient":""},"mobile":{"background-color":"","background-image":"","background-repeat":"repeat","background-position":"center center","background-size":"auto","background-attachment":"scroll","background-type":"","background-media":"","overlay-type":"","overlay-color":"","overlay-opacity":"","overlay-gradient":""}},"ast-content-background-meta":{"desktop":{"background-color":"var(--ast-global-color-4)","background-image":"","background-repeat":"repeat","background-position":"center center","background-size":"auto","background-attachment":"scroll","background-type":"","background-media":"","overlay-type":"","overlay-color":"","overlay-opacity":"","overlay-gradient":""},"tablet":{"background-color":"var(--ast-global-color-4)","background-image":"","background-repeat":"repeat","background-position":"center center","background-size":"auto","background-attachment":"scroll","background-type":"","background-media":"","overlay-type":"","overlay-color":"","overlay-opacity":"","overlay-gradient":""},"mobile":{"background-color":"var(--ast-global-color-4)","background-image":"","background-repeat":"repeat","background-position":"center center","background-size":"auto","background-attachment":"scroll","background-type":"","background-media":"","overlay-type":"","overlay-color":"","overlay-opacity":"","overlay-gradient":""}},"footnotes":""},"class_list":["post-2038","page","type-page","status-publish","hentry"],"uagb_featured_image_src":{"full":false,"thumbnail":false,"medium":false,"medium_large":false,"large":false,"1536x1536":false,"2048x2048":false},"uagb_author_info":{"display_name":"Instituto Psicolog\u00eda Sexolog\u00eda","author_link":"https:\/\/www.psicologiasexologiamallorca.com\/ca\/author\/admin\/"},"uagb_comment_info":0,"uagb_excerpt":"En qu\u00e8 podem ajudar-te? Fes clic en aquella problem\u00e0tica que millor s\u2019adapti al que et preocupa: Tamb\u00e9 et pot interessar [&hellip;]","_links":{"self":[{"href":"https:\/\/www.psicologiasexologiamallorca.com\/ca\/wp-json\/wp\/v2\/pages\/2038","targetHints":{"allow":["GET"]}}],"collection":[{"href":"https:\/\/www.psicologiasexologiamallorca.com\/ca\/wp-json\/wp\/v2\/pages"}],"about":[{"href":"https:\/\/www.psicologiasexologiamallorca.com\/ca\/wp-json\/wp\/v2\/types\/page"}],"author":[{"embeddable":true,"href":"https:\/\/www.psicologiasexologiamallorca.com\/ca\/wp-json\/wp\/v2\/users\/1"}],"replies":[{"embeddable":true,"href":"https:\/\/www.psicologiasexologiamallorca.com\/ca\/wp-json\/wp\/v2\/comments?post=2038"}],"version-history":[{"count":5,"href":"https:\/\/www.psicologiasexologiamallorca.com\/ca\/wp-json\/wp\/v2\/pages\/2038\/revisions"}],"predecessor-version":[{"id":6333,"href":"https:\/\/www.psicologiasexologiamallorca.com\/ca\/wp-json\/wp\/v2\/pages\/2038\/revisions\/6333"}],"wp:attachment":[{"href":"https:\/\/www.psicologiasexologiamallorca.com\/ca\/wp-json\/wp\/v2\/media?parent=2038"}],"curies":[{"name":"wp","href":"https:\/\/api.w.org\/{rel}","templated":true}]}}