{"id":2020,"date":"2015-01-09T21:15:33","date_gmt":"2015-01-09T21:15:33","guid":{"rendered":"https:\/\/psicomallorca0877.live-website.com\/preguntas-frecuentes\/"},"modified":"2025-09-05T13:27:18","modified_gmt":"2025-09-05T13:27:18","slug":"preguntas-frecuentes","status":"publish","type":"page","link":"https:\/\/www.psicologiasexologiamallorca.com\/ca\/preguntas-frecuentes\/","title":{"rendered":"Preguntes freq\u00fcents"},"content":{"rendered":"\n<figure class=\"wp-block-image alignfull size-large\"><img decoding=\"async\" width=\"1024\" height=\"267\" src=\"https:\/\/www.psicologiasexologiamallorca.com\/wp-content\/uploads\/2025\/09\/preguntes-frequents-1024x267.jpg\" alt=\"Preguntes freq\u00fcents\" class=\"wp-image-5716\" srcset=\"https:\/\/www.psicologiasexologiamallorca.com\/wp-content\/uploads\/2025\/09\/preguntes-frequents-1024x267.jpg 1024w, https:\/\/www.psicologiasexologiamallorca.com\/wp-content\/uploads\/2025\/09\/preguntes-frequents-300x78.jpg 300w, https:\/\/www.psicologiasexologiamallorca.com\/wp-content\/uploads\/2025\/09\/preguntes-frequents-768x200.jpg 768w, https:\/\/www.psicologiasexologiamallorca.com\/wp-content\/uploads\/2025\/09\/preguntes-frequents.jpg 1536w\" sizes=\"(max-width: 1024px) 100vw, 1024px\" \/><\/figure>\n\n\n\n<h1 class=\"wp-block-heading\">Preguntes freq\u00fcents<\/h1>\n\n\n\n<p class=\"has-text-color has-background has-medium-font-size\" style=\"color:#ffffff;background-color:#f28929\">Pel que em passa &#8230; em cal atenci\u00f3 psicol\u00f2gica i \/ o sexol\u00f2gica?<\/p>\n\n\n\n<p>No sempre resulta f\u00e0cil saber-ho. Generalment, tota situaci\u00f3 en la nostra vida que ens generi pensaments, emocions i comportaments que ens facin patir a nosaltres mateixos o als altres i \/ o ens dificulten el nostre dia a dia (a la feina, amb la parella, amics, fam\u00edlia, etc.) \u00e9s molt probable que sigui susceptible d&#8217;atenci\u00f3 psicol\u00f2gica i \/ o sexol\u00f2gica.<\/p>\n\n\n\n<p>Davant el dubte, la nostra recomanaci\u00f3 \u00e9s que consultis sense comprom\u00eds, potser optant per la Visita Informativa Gratu\u00efta que oferim, per una trucada o un correu electr\u00f2nic, i d&#8217;aquesta manera assegurar-te si \u00e9s aix\u00f2 el que est\u00e0s buscant i de si podem ajudar-te amb el teu problema concret.<\/p>\n\n\n\n<p><\/p>\n\n\n\n<p class=\"has-text-color has-background has-medium-font-size\" style=\"color:#ffffff;background-color:#f28929\">En qu\u00e8 consisteix una psicoter\u00e0pia?<\/p>\n\n\n\n<p>Acudir a una consulta d&#8217;atenci\u00f3 psicol\u00f2gica \u00e9s un pas important i en ocasions dif\u00edcil de decidir, per tant, per a nosaltres \u00e9s important que et sentis informat \/ da sobre el proc\u00e9s que anem a iniciar.<\/p>\n\n\n\n<p>En alguns casos, pot ser suficient un assessorament puntual de poques sessions, per\u00f2 molt sovint el problema \u00e9s una mica m\u00e9s complex i requereix d&#8217;un proc\u00e9s terap\u00e8utic que consta de les seg\u00fcents fases:<\/p>\n\n\n\n<p>Avaluaci\u00f3 de el problema i de la \/ es persona \/ es implicada \/ es: durant algunes sessions ens encarreguem de con\u00e8ixer en profunditat els comportaments, emocions i \/ o pensaments problem\u00e0tics, aix\u00ed com tamb\u00e9 una breu hist\u00f2ria psicosocial de la persona o parella. \u00c9s necessari per esbrinar l&#8217;origen i manteniment del problema, i per a una correcta intervenci\u00f3.<\/p>\n\n\n\n<p>Devoluci\u00f3 de la informaci\u00f3: informem del que s&#8217;ha avaluat i de la forma de resoldre el problema o pal\u00b7liar els s\u00edmptomes. Aquest dia posem en com\u00fa els nostres objectius terap\u00e8utics, a m\u00e9s d&#8217;explicar la intervenci\u00f3 posterior.<br> Intervenci\u00f3: per\u00edode en qu\u00e8 realitzem els canvis necessaris, s&#8217;aprenen t\u00e8cniques psicol\u00f2giques que puguin servir d&#8217;ajuda, etc. \u00c9s freq\u00fcent que en aquesta fase hagi &#8220;tasques per a casa&#8221; com a part de el tractament. En aquest moment del proc\u00e9s \u00e9s primordial el &#8220;treball en equip&#8221;.<\/p>\n\n\n\n<p>Seguiment: un cop assolits els objectius, es realitzen algunes sessions de seguiment m\u00e9s espaiades en el temps per comprovar que els canvis favorables es mantenen i prevenir recaigudes. Fins i tot havent realitzat la psicoter\u00e0pia presencial, aquests seguiments de vegades poden ser telef\u00f2nics.<\/p>\n\n\n\n<p>En qualsevol cas, les fases descrites s\u00f3n l&#8217;eix b\u00e0sic amb el qual treballem, per\u00f2 l&#8217;avaluaci\u00f3 i tractament es realitza sempre de forma personalitzada ja que, en funci\u00f3 de cada cas, s\u00f3n convenients unes estrat\u00e8gies o altres per solucionar o millorar el problema.<\/p>\n\n\n\n<p class=\"has-text-color has-background has-medium-font-size\" style=\"color:#ffffff;background-color:#f28929\">Quina metodologia s&#8217;utilitza?<\/p>\n\n\n\n<p>El corrent de la Psicologia amb la qual treballem \u00e9s la Cognitiu-Conductual, que est\u00e0 contrastada emp\u00edricament i compta, per tant, amb suport cient\u00edfic.<\/p>\n\n\n\n<p>A m\u00e9s, aquesta metodologia fomenta l&#8217;aprenentatge d&#8217;estrat\u00e8gies per part del pacient, la qual cosa disminueix la depend\u00e8ncia cap al terapeuta i redueix el nombre de sessions.<\/p>\n\n\n\n<p class=\"has-text-color has-background has-medium-font-size\" style=\"color:#ffffff;background-color:#f28929\">Amb quina freq\u00fc\u00e8ncia he d&#8217;anar a consulta?<\/p>\n\n\n\n<p>La freq\u00fc\u00e8ncia habitual \u00e9s setmanal, ja que aix\u00ed \u00e9s possible arribar als objectius m\u00e9s r\u00e0pidament. De tota manera, en funci\u00f3 de les caracter\u00edstiques de cada cas, podem establir una altra freq\u00fc\u00e8ncia de sessions.<\/p>\n\n\n\n<p>Si tinc un problema sexual o de parella, hem d&#8217;acudir tots dos a consulta?<\/p>\n\n\n\n<p>A la primera visita, si el problema \u00e9s de tipus sexol\u00f2gic, pots acudir com i amb qui et trobis m\u00e9s c\u00f2mode \/ a en funci\u00f3 del que et preocupi. Un cop s&#8217;inici\u00ef l&#8217;avaluaci\u00f3, el teu terapeuta t&#8217;informar\u00e0 de si \u00e9s convenient que t&#8217;acompanyi la teva parella i quan.<\/p>\n\n\n\n<p>D&#8217;altra banda, si el problema que et porta a consulta \u00e9s de parella, generalment s\u00ed sol ser convenient que vingueu tots dos.<\/p>\n\n\n\n<p class=\"has-text-color has-background has-medium-font-size\" style=\"color:#ffffff;background-color:#f28929\">Puc iniciar un tractament sexol\u00f2gic si no tinc parella?<\/p>\n\n\n\n<p>I tant que s\u00ed. En moltes ocasions, quan es realitza un tractament sexol\u00f2gic, tenir una parella que col\u00b7labori en la ter\u00e0pia pot ser avantatj\u00f3s; per\u00f2 si no s&#8217;est\u00e0 en aquesta situaci\u00f3, hi ha altres estrat\u00e8gies per a solucionar o millorar el problema.<\/p>\n\n\n\n<p class=\"has-text-color has-background has-medium-font-size\" style=\"color:#ffffff;background-color:#f28929\">Puc venir a ter\u00e0pia si el meu horari \u00e9s complicat?<\/p>\n\n\n\n<p>S\u00ed. L&#8217;horari de consulta \u00e9s tan flexible com ens \u00e9s possible per adaptar-nos a les vostres necessitats.<\/p>\n\n\n\n<p class=\"has-text-color has-background has-medium-font-size\" style=\"color:#ffffff;background-color:#f28929\">Durar\u00e0 molt la ter\u00e0pia?<\/p>\n\n\n\n<p>\u00c9s dificil establir una durada concreta de la ter\u00e0pia. No obstant, el proc\u00e9s terapeutic no preten ser un cam\u00ed etern sino dotar de les estrat\u00e8gies necess\u00e0ries per afrontar la problem\u00e0tica objectiu amb el menor temps possible.<\/p>\n\n\n\n<p>En aquest v\u00eddeo responem a algunes de les preguntes m\u00e9s freq\u00fcents referents a la feina dels sex\u00f2legs i les sex\u00f2logues.<\/p>\n\n\n\n<figure class=\"wp-block-video\"><video controls src=\"https:\/\/www.psicologiasexologiamallorca.com\/wp-content\/uploads\/2019\/10\/27Oct2015Vida-Saludable.mp4\"><\/video><\/figure>\n\n\n\n<div style=\"height:50px\" aria-hidden=\"true\" class=\"wp-block-spacer\"><\/div>\n","protected":false},"excerpt":{"rendered":"<p>Preguntes freq\u00fcents Pel que em passa &#8230; em cal atenci\u00f3 psicol\u00f2gica i \/ o sexol\u00f2gica? No sempre resulta f\u00e0cil saber-ho. [&hellip;]<\/p>\n","protected":false},"author":1,"featured_media":0,"parent":0,"menu_order":5,"comment_status":"closed","ping_status":"closed","template":"","meta":{"_uag_custom_page_level_css":"","site-sidebar-layout":"default","site-content-layout":"","ast-site-content-layout":"default","site-content-style":"default","site-sidebar-style":"default","ast-global-header-display":"","ast-banner-title-visibility":"","ast-main-header-display":"","ast-hfb-above-header-display":"","ast-hfb-below-header-display":"","ast-hfb-mobile-header-display":"","site-post-title":"disabled","ast-breadcrumbs-content":"","ast-featured-img":"disabled","footer-sml-layout":"","ast-disable-related-posts":"","theme-transparent-header-meta":"","adv-header-id-meta":"","stick-header-meta":"","header-above-stick-meta":"","header-main-stick-meta":"","header-below-stick-meta":"","astra-migrate-meta-layouts":"default","ast-page-background-enabled":"default","ast-page-background-meta":{"desktop":{"background-color":"var(--ast-global-color-5)","background-image":"","background-repeat":"repeat","background-position":"center center","background-size":"auto","background-attachment":"scroll","background-type":"","background-media":"","overlay-type":"","overlay-color":"","overlay-opacity":"","overlay-gradient":""},"tablet":{"background-color":"","background-image":"","background-repeat":"repeat","background-position":"center center","background-size":"auto","background-attachment":"scroll","background-type":"","background-media":"","overlay-type":"","overlay-color":"","overlay-opacity":"","overlay-gradient":""},"mobile":{"background-color":"","background-image":"","background-repeat":"repeat","background-position":"center center","background-size":"auto","background-attachment":"scroll","background-type":"","background-media":"","overlay-type":"","overlay-color":"","overlay-opacity":"","overlay-gradient":""}},"ast-content-background-meta":{"desktop":{"background-color":"var(--ast-global-color-4)","background-image":"","background-repeat":"repeat","background-position":"center center","background-size":"auto","background-attachment":"scroll","background-type":"","background-media":"","overlay-type":"","overlay-color":"","overlay-opacity":"","overlay-gradient":""},"tablet":{"background-color":"var(--ast-global-color-4)","background-image":"","background-repeat":"repeat","background-position":"center center","background-size":"auto","background-attachment":"scroll","background-type":"","background-media":"","overlay-type":"","overlay-color":"","overlay-opacity":"","overlay-gradient":""},"mobile":{"background-color":"var(--ast-global-color-4)","background-image":"","background-repeat":"repeat","background-position":"center center","background-size":"auto","background-attachment":"scroll","background-type":"","background-media":"","overlay-type":"","overlay-color":"","overlay-opacity":"","overlay-gradient":""}},"footnotes":""},"class_list":["post-2020","page","type-page","status-publish","hentry"],"uagb_featured_image_src":{"full":false,"thumbnail":false,"medium":false,"medium_large":false,"large":false,"1536x1536":false,"2048x2048":false},"uagb_author_info":{"display_name":"Instituto Psicolog\u00eda Sexolog\u00eda","author_link":"https:\/\/www.psicologiasexologiamallorca.com\/ca\/author\/admin\/"},"uagb_comment_info":0,"uagb_excerpt":"Preguntes freq\u00fcents Pel que em passa &#8230; em cal atenci\u00f3 psicol\u00f2gica i \/ o sexol\u00f2gica? No sempre resulta f\u00e0cil saber-ho. [&hellip;]","_links":{"self":[{"href":"https:\/\/www.psicologiasexologiamallorca.com\/ca\/wp-json\/wp\/v2\/pages\/2020","targetHints":{"allow":["GET"]}}],"collection":[{"href":"https:\/\/www.psicologiasexologiamallorca.com\/ca\/wp-json\/wp\/v2\/pages"}],"about":[{"href":"https:\/\/www.psicologiasexologiamallorca.com\/ca\/wp-json\/wp\/v2\/types\/page"}],"author":[{"embeddable":true,"href":"https:\/\/www.psicologiasexologiamallorca.com\/ca\/wp-json\/wp\/v2\/users\/1"}],"replies":[{"embeddable":true,"href":"https:\/\/www.psicologiasexologiamallorca.com\/ca\/wp-json\/wp\/v2\/comments?post=2020"}],"version-history":[{"count":5,"href":"https:\/\/www.psicologiasexologiamallorca.com\/ca\/wp-json\/wp\/v2\/pages\/2020\/revisions"}],"predecessor-version":[{"id":5719,"href":"https:\/\/www.psicologiasexologiamallorca.com\/ca\/wp-json\/wp\/v2\/pages\/2020\/revisions\/5719"}],"wp:attachment":[{"href":"https:\/\/www.psicologiasexologiamallorca.com\/ca\/wp-json\/wp\/v2\/media?parent=2020"}],"curies":[{"name":"wp","href":"https:\/\/api.w.org\/{rel}","templated":true}]}}