{"id":2018,"date":"2015-01-09T21:14:25","date_gmt":"2015-01-09T21:14:25","guid":{"rendered":"https:\/\/psicomallorca0877.live-website.com\/terapia-online\/"},"modified":"2025-09-05T10:28:42","modified_gmt":"2025-09-05T10:28:42","slug":"terapia-online","status":"publish","type":"page","link":"https:\/\/www.psicologiasexologiamallorca.com\/ca\/terapia-online\/","title":{"rendered":"Ter\u00e0pia Online"},"content":{"rendered":"\n<figure class=\"wp-block-image alignwide size-large\"><img decoding=\"async\" width=\"1024\" height=\"401\" src=\"https:\/\/www.psicologiasexologiamallorca.com\/wp-content\/uploads\/2025\/09\/terapia-online-1024x401.jpg\" alt=\"\" class=\"wp-image-5700\" srcset=\"https:\/\/www.psicologiasexologiamallorca.com\/wp-content\/uploads\/2025\/09\/terapia-online-1024x401.jpg 1024w, https:\/\/www.psicologiasexologiamallorca.com\/wp-content\/uploads\/2025\/09\/terapia-online-300x118.jpg 300w, https:\/\/www.psicologiasexologiamallorca.com\/wp-content\/uploads\/2025\/09\/terapia-online-768x301.jpg 768w, https:\/\/www.psicologiasexologiamallorca.com\/wp-content\/uploads\/2025\/09\/terapia-online.jpg 1276w\" sizes=\"(max-width: 1024px) 100vw, 1024px\" \/><\/figure>\n\n\n\n<p>La ter\u00e0pia online segueix els mateixos principis i fases que la ter\u00e0pia presencial, i que podr\u00e0s trobar a <a href=\"https:\/\/www.psicologiasexologiamallorca.com\/ca\/preguntas-frecuentes\/\">preguntes freq\u00fcents<\/a>.<\/p>\n\n\n\n<p><strong>Per a qui est\u00e0 indicada?<\/strong><\/p>\n\n\n\n<p>Est\u00e0 indicada per a aquelles persones que, per dificultats personals (lloc de resid\u00e8ncia, edat avan\u00e7ada, problema m\u00e8dic, discapacitat f\u00edsica &#8230;), no puguin acudir personalment a consulta.<\/p>\n\n\n\n<p><strong>Com es porta a terme?<\/strong><\/p>\n\n\n\n<p>En primer lloc, concertarem la cita. S&#8217;ha d&#8217;abonar l&#8217;import de la sessi\u00f3 per transfer\u00e8ncia i enviar posteriorment el comprovant a l&#8217;email. Caldr\u00e0 instal\u00b7lar el programa de videoconfer\u00e8ncia si no es t\u00e9 i comprovar el seu funcionament, per al dia de la visita acudir, com si d&#8217;una cita presencial es tract\u00e9s. A la fi de la sessi\u00f3 en l\u00ednia s&#8217;organitzaran les tasques o exercicis per a aquesta setmana i aquelles fulles o documents que en una sessi\u00f3 presencial es donarien en paper, en aquest cas s&#8217;enviaran per correu electr\u00f2nic.<\/p>\n\n\n\n<p><strong>Recomanacions:<\/strong><\/p>\n\n\n\n<ul class=\"wp-block-list\">\n<li>\u00c9s recomanable l&#8217;\u00fas de cascos amb micr\u00f2fon ja que, d&#8217;aquesta manera, ajudem a que la conversa tingui menys talls i acoblaments de so; d&#8217;aquesta manera, ens sentirem millor i la conversa ser\u00e0 m\u00e9s flu\u00efda.<\/li>\n\n\n\n<li>\u00c9s important tenir una bona qualitat de connexi\u00f3 a Internet ja que amb una baixa cobertura podr\u00edem patir molts talls i interrupcions que dificultarien o impedirien poder dur a terme la sessi\u00f3.<\/li>\n\n\n\n<li>\u00c9s important disposar de c\u00e0mera web que ens permeti veure&#8217;ns. La comunicaci\u00f3 no verbal \u00e9s important.<\/li>\n\n\n\n<li>A m\u00e9s, \u00e9s fonamental que estiguem en un lloc en el qual estiguem sols \/ es, sense distraccions ni sorolls.<\/li>\n<\/ul>\n\n\n\n<p><strong>Important: <\/strong>Est\u00e0 terminantment prohibida la gravaci\u00f3 i \/ o distribuci\u00f3 de la sessi\u00f3.<\/p>\n","protected":false},"excerpt":{"rendered":"<p>La ter\u00e0pia online segueix els mateixos principis i fases que la ter\u00e0pia presencial, i que podr\u00e0s trobar a preguntes freq\u00fcents. [&hellip;]<\/p>\n","protected":false},"author":1,"featured_media":5700,"parent":0,"menu_order":4,"comment_status":"closed","ping_status":"closed","template":"","meta":{"_uag_custom_page_level_css":"","site-sidebar-layout":"right-sidebar","site-content-layout":"","ast-site-content-layout":"default","site-content-style":"default","site-sidebar-style":"default","ast-global-header-display":"","ast-banner-title-visibility":"","ast-main-header-display":"","ast-hfb-above-header-display":"","ast-hfb-below-header-display":"","ast-hfb-mobile-header-display":"","site-post-title":"","ast-breadcrumbs-content":"","ast-featured-img":"disabled","footer-sml-layout":"","ast-disable-related-posts":"","theme-transparent-header-meta":"","adv-header-id-meta":"","stick-header-meta":"","header-above-stick-meta":"","header-main-stick-meta":"","header-below-stick-meta":"","astra-migrate-meta-layouts":"default","ast-page-background-enabled":"default","ast-page-background-meta":{"desktop":{"background-color":"var(--ast-global-color-5)","background-image":"","background-repeat":"repeat","background-position":"center center","background-size":"auto","background-attachment":"scroll","background-type":"","background-media":"","overlay-type":"","overlay-color":"","overlay-opacity":"","overlay-gradient":""},"tablet":{"background-color":"","background-image":"","background-repeat":"repeat","background-position":"center center","background-size":"auto","background-attachment":"scroll","background-type":"","background-media":"","overlay-type":"","overlay-color":"","overlay-opacity":"","overlay-gradient":""},"mobile":{"background-color":"","background-image":"","background-repeat":"repeat","background-position":"center center","background-size":"auto","background-attachment":"scroll","background-type":"","background-media":"","overlay-type":"","overlay-color":"","overlay-opacity":"","overlay-gradient":""}},"ast-content-background-meta":{"desktop":{"background-color":"var(--ast-global-color-4)","background-image":"","background-repeat":"repeat","background-position":"center center","background-size":"auto","background-attachment":"scroll","background-type":"","background-media":"","overlay-type":"","overlay-color":"","overlay-opacity":"","overlay-gradient":""},"tablet":{"background-color":"var(--ast-global-color-4)","background-image":"","background-repeat":"repeat","background-position":"center center","background-size":"auto","background-attachment":"scroll","background-type":"","background-media":"","overlay-type":"","overlay-color":"","overlay-opacity":"","overlay-gradient":""},"mobile":{"background-color":"var(--ast-global-color-4)","background-image":"","background-repeat":"repeat","background-position":"center center","background-size":"auto","background-attachment":"scroll","background-type":"","background-media":"","overlay-type":"","overlay-color":"","overlay-opacity":"","overlay-gradient":""}},"footnotes":""},"class_list":["post-2018","page","type-page","status-publish","has-post-thumbnail","hentry"],"uagb_featured_image_src":{"full":["https:\/\/www.psicologiasexologiamallorca.com\/wp-content\/uploads\/2025\/09\/terapia-online.jpg",1276,500,false],"thumbnail":["https:\/\/www.psicologiasexologiamallorca.com\/wp-content\/uploads\/2025\/09\/terapia-online-150x150.jpg",150,150,true],"medium":["https:\/\/www.psicologiasexologiamallorca.com\/wp-content\/uploads\/2025\/09\/terapia-online-300x118.jpg",300,118,true],"medium_large":["https:\/\/www.psicologiasexologiamallorca.com\/wp-content\/uploads\/2025\/09\/terapia-online-768x301.jpg",768,301,true],"large":["https:\/\/www.psicologiasexologiamallorca.com\/wp-content\/uploads\/2025\/09\/terapia-online-1024x401.jpg",1024,401,true],"1536x1536":["https:\/\/www.psicologiasexologiamallorca.com\/wp-content\/uploads\/2025\/09\/terapia-online.jpg",1276,500,false],"2048x2048":["https:\/\/www.psicologiasexologiamallorca.com\/wp-content\/uploads\/2025\/09\/terapia-online.jpg",1276,500,false]},"uagb_author_info":{"display_name":"Instituto Psicolog\u00eda Sexolog\u00eda","author_link":"https:\/\/www.psicologiasexologiamallorca.com\/ca\/author\/admin\/"},"uagb_comment_info":0,"uagb_excerpt":"La ter\u00e0pia online segueix els mateixos principis i fases que la ter\u00e0pia presencial, i que podr\u00e0s trobar a preguntes freq\u00fcents. [&hellip;]","_links":{"self":[{"href":"https:\/\/www.psicologiasexologiamallorca.com\/ca\/wp-json\/wp\/v2\/pages\/2018","targetHints":{"allow":["GET"]}}],"collection":[{"href":"https:\/\/www.psicologiasexologiamallorca.com\/ca\/wp-json\/wp\/v2\/pages"}],"about":[{"href":"https:\/\/www.psicologiasexologiamallorca.com\/ca\/wp-json\/wp\/v2\/types\/page"}],"author":[{"embeddable":true,"href":"https:\/\/www.psicologiasexologiamallorca.com\/ca\/wp-json\/wp\/v2\/users\/1"}],"replies":[{"embeddable":true,"href":"https:\/\/www.psicologiasexologiamallorca.com\/ca\/wp-json\/wp\/v2\/comments?post=2018"}],"version-history":[{"count":2,"href":"https:\/\/www.psicologiasexologiamallorca.com\/ca\/wp-json\/wp\/v2\/pages\/2018\/revisions"}],"predecessor-version":[{"id":5701,"href":"https:\/\/www.psicologiasexologiamallorca.com\/ca\/wp-json\/wp\/v2\/pages\/2018\/revisions\/5701"}],"wp:featuredmedia":[{"embeddable":true,"href":"https:\/\/www.psicologiasexologiamallorca.com\/ca\/wp-json\/wp\/v2\/media\/5700"}],"wp:attachment":[{"href":"https:\/\/www.psicologiasexologiamallorca.com\/ca\/wp-json\/wp\/v2\/media?parent=2018"}],"curies":[{"name":"wp","href":"https:\/\/api.w.org\/{rel}","templated":true}]}}